{"id":870,"date":"2022-03-25T08:35:29","date_gmt":"2022-03-25T08:35:29","guid":{"rendered":"https:\/\/internationaldelinquent.com\/beta\/beta\/politica-de-privacidad\/"},"modified":"2023-10-01T21:09:49","modified_gmt":"2023-10-01T21:09:49","slug":"politica-de-privacidad","status":"publish","type":"page","link":"https:\/\/internationaldelinquent.com\/beta\/es\/politica-de-privacidad\/","title":{"rendered":"Pol\u00edtica de privacidad"},"content":{"rendered":"<p><strong>Secci\u00f3n 1: \u00bfQu\u00e9 hacemos con su informaci\u00f3n?<\/strong><br \/>\nRuffier Publishing and Broadcasting LLC tiene la intenci\u00f3n de conservar la informaci\u00f3n personal del usuario durante el tiempo necesario. Conservaremos y pretendemos utilizar sus datos personales para cumplir con una obligaci\u00f3n legal y para la resoluci\u00f3n de conflictos.<br \/>\nRuffier Publishing and Broadcasting LLC utiliza archivos de registro de acuerdo con las normas de la industria. Cuando la gente navega por sitios web, estos archivos registran sus actividades. Esto es algo que todas las empresas de alojamiento realizan como parte de sus an\u00e1lisis. Las direcciones del protocolo de Internet (IP), el tipo de navegador, el proveedor de servicios de Internet (ISP), el sello de fecha y hora, las p\u00e1ginas de referencia\/salida y, quiz\u00e1s, el n\u00famero de clics son algunos de los datos recogidos por los archivos de registro. Estos no est\u00e1n vinculados a ninguna informaci\u00f3n de identificaci\u00f3n personal. La informaci\u00f3n se utiliza para analizar tendencias, operar el sitio, seguir los movimientos de los usuarios en el sitio web y recopilar estad\u00edsticas demogr\u00e1ficas.<br \/>\nRecogemos informaci\u00f3n personal como su nombre, direcci\u00f3n y correo electr\u00f3nico cuando compra algo en nuestra tienda como parte del proceso de compra y venta.<br \/>\nGuardamos la informaci\u00f3n personal proporcionada por los usuarios que se registran en nuestro sitio web (si la hay) en su perfil de usuario. Todos los usuarios tienen la posibilidad de ver, modificar o eliminar su informaci\u00f3n personal en cualquier momento (excepto que no pueden cambiar su nombre de usuario). Los administradores del sitio web tambi\u00e9n pueden ver y actualizar esa informaci\u00f3n.<\/p>\n<p><strong>Secci\u00f3n 2: Consentimiento<\/strong><br \/>\nAl aceptar nuestra pol\u00edtica de privacidad, usted acepta sus t\u00e9rminos.<br \/>\nCuando usted nos env\u00eda su informaci\u00f3n personal para completar una transacci\u00f3n, validar su tarjeta de cr\u00e9dito, hacer un pedido, organizar la entrega o devolver un art\u00edculo, deducimos que usted da su consentimiento para que recopilemos y utilicemos su informaci\u00f3n s\u00f3lo para ese prop\u00f3sito espec\u00edfico.<br \/>\nCuando solicitemos sus datos personales por cualquier motivo secundario, como el marketing, le pediremos su aprobaci\u00f3n expresa o le daremos la opci\u00f3n de decir que no.<br \/>\nSi desea retirar su consentimiento, puede ponerse en contacto con nosotros en cualquier momento para eliminar su informaci\u00f3n personal. Accederemos a su solicitud despu\u00e9s de investigar si no se ha observado ninguna infracci\u00f3n legal.<\/p>\n<p><strong>Secci\u00f3n 3: Divulgaci\u00f3n<\/strong><br \/>\nSi nos obliga la ley o si usted incumple nuestras condiciones de servicio, podemos revelar su informaci\u00f3n personal.<\/p>\n<p><strong>Secci\u00f3n 4: Pago<\/strong><br \/>\nNo guardamos los datos de su tarjeta de cr\u00e9dito en nuestros sistemas. Al procesar los pagos, los datos se encriptan utilizando el est\u00e1ndar de seguridad de datos de la industria de las tarjetas de pago (PCI-DSS). Los datos de su transacci\u00f3n de compra se utilizan \u00fanicamente para completar su transacci\u00f3n de compra. Los datos de su transacci\u00f3n de compra no se conservan una vez finalizada.<\/p>\n<p><strong>Secci\u00f3n 5: Servicios de terceros<\/strong><br \/>\nEn general, los proveedores externos que contratamos s\u00f3lo recoger\u00e1n, utilizar\u00e1n y divulgar\u00e1n su informaci\u00f3n seg\u00fan sea necesario para ejecutar los servicios que nos ofrecen.<br \/>\nAlgunos proveedores de servicios de terceros, como las pasarelas de pago y el an\u00e1lisis de sitios web, tienen sus propias normas de privacidad en relaci\u00f3n con la informaci\u00f3n que nos vemos obligados a enviarles para sus transacciones relacionadas con la compra.<br \/>\nRecuerde, en particular, que algunos proveedores pueden estar situados o tener instalaciones en una jurisdicci\u00f3n diferente a la suya o a la nuestra. En consecuencia, si decide realizar una transacci\u00f3n utilizando los servicios de un proveedor de servicios externo, su informaci\u00f3n puede quedar sujeta a las leyes de la(s) jurisdicci\u00f3n(es) en la(s) que se encuentra(n) ese proveedor de servicios o sus instalaciones.<br \/>\nAl hacer clic en los enlaces de nuestra tienda, es posible que salga de nuestro sitio web. No somos responsables de las pr\u00e1cticas de privacidad de otros sitios web y le recomendamos que lea sus pol\u00edticas de privacidad.<\/p>\n","protected":false},"excerpt":{"rendered":"<p>Secci\u00f3n 1: \u00bfQu\u00e9 hacemos con su informaci\u00f3n? Ruffier Publishing and Broadcasting LLC tiene la intenci\u00f3n de conservar la informaci\u00f3n personal del usuario durante el tiempo necesario. Conservaremos y pretendemos utilizar sus datos personales para cumplir con una obligaci\u00f3n legal y para la resoluci\u00f3n de conflictos. Ruffier Publishing and Broadcasting LLC utiliza archivos de registro de [&hellip;]<\/p>\n","protected":false},"author":1,"featured_media":0,"parent":0,"menu_order":0,"comment_status":"closed","ping_status":"open","template":"templates\/cms-page.php","meta":{"footnotes":""},"folder":[],"class_list":["post-870","page","type-page","status-publish","hentry"],"acf":[],"_links":{"self":[{"href":"https:\/\/internationaldelinquent.com\/beta\/es\/wp-json\/wp\/v2\/pages\/870","targetHints":{"allow":["GET"]}}],"collection":[{"href":"https:\/\/internationaldelinquent.com\/beta\/es\/wp-json\/wp\/v2\/pages"}],"about":[{"href":"https:\/\/internationaldelinquent.com\/beta\/es\/wp-json\/wp\/v2\/types\/page"}],"author":[{"embeddable":true,"href":"https:\/\/internationaldelinquent.com\/beta\/es\/wp-json\/wp\/v2\/users\/1"}],"replies":[{"embeddable":true,"href":"https:\/\/internationaldelinquent.com\/beta\/es\/wp-json\/wp\/v2\/comments?post=870"}],"version-history":[{"count":2,"href":"https:\/\/internationaldelinquent.com\/beta\/es\/wp-json\/wp\/v2\/pages\/870\/revisions"}],"predecessor-version":[{"id":2826,"href":"https:\/\/internationaldelinquent.com\/beta\/es\/wp-json\/wp\/v2\/pages\/870\/revisions\/2826"}],"wp:attachment":[{"href":"https:\/\/internationaldelinquent.com\/beta\/es\/wp-json\/wp\/v2\/media?parent=870"}],"wp:term":[{"taxonomy":"folder","embeddable":true,"href":"https:\/\/internationaldelinquent.com\/beta\/es\/wp-json\/wp\/v2\/folder?post=870"}],"curies":[{"name":"wp","href":"https:\/\/api.w.org\/{rel}","templated":true}]}}