{"id":874,"date":"2022-04-02T11:37:41","date_gmt":"2022-04-02T11:37:41","guid":{"rendered":"https:\/\/internationaldelinquent.com\/beta\/beta\/condiciones-de-uso\/"},"modified":"2023-10-01T20:54:40","modified_gmt":"2023-10-01T20:54:40","slug":"condiciones-de-uso","status":"publish","type":"page","link":"https:\/\/internationaldelinquent.com\/beta\/es\/condiciones-de-uso\/","title":{"rendered":"Condiciones de uso"},"content":{"rendered":"<p><strong>Derechos de propiedad:<\/strong><br \/>\nRuffier Publishing and Broadcasting LLC mantiene la propiedad exclusiva de todos los derechos, t\u00edtulos e intereses asociados con este sitio web. Esta propiedad integral abarca todas las formas de contenido, incluyendo, pero no limit\u00e1ndose a, audio, fotograf\u00edas, ilustraciones, gr\u00e1ficos, video, copias escritas, software y cualquier otro material relacionado. Este reclamo de propiedad se extiende al c\u00f3digo del sitio web, los datos y el dise\u00f1o general, englobando el aspecto distintivo, la sensaci\u00f3n y la estructura organizativa del sitio, as\u00ed como la compilaci\u00f3n de todo el contenido, c\u00f3digo, datos y materiales encontrados en el sitio. Es fundamental destacar que el uso de este sitio web no otorga ning\u00fan derecho de propiedad ni reclamo sobre ninguno de los contenidos, c\u00f3digos, datos o materiales del sitio a los usuarios.<\/p>\n<p><strong>Permiso de Uso y Acceso:<\/strong><br \/>\nSe le concede el privilegio de acceder y ver el contenido de este sitio web en su computadora u otros dispositivos conectados a Internet. Adem\u00e1s, se le permite crear copias individuales o impresiones del contenido del sitio web, pero exclusivamente para su uso interno. Es crucial comprender que el sitio web y cualquier contenido y materiales asociados disponibles en el sitio est\u00e1n destinados exclusivamente para su uso personal y no comercial.<\/p>\n<p><strong>Uso prohibido:<\/strong><br \/>\nQueda estrictamente prohibida cualquier forma de distribuci\u00f3n comercial, publicaci\u00f3n o explotaci\u00f3n de este sitio web o de cualquiera de sus contenidos, c\u00f3digos, datos o materiales, a menos que haya obtenido previamente el consentimiento expreso y por escrito de Ruffier Publishing and Broadcasting LLC o del titular de los derechos correspondientes. Sin dicha autorizaci\u00f3n, se le proh\u00edbe expresamente descargar, mostrar, copiar, reproducir, distribuir, editar, representar, transmitir, crear obras derivadas, vender o participar en cualquier otra forma de explotaci\u00f3n relacionada con los contenidos, c\u00f3digos, datos o materiales de este sitio.<\/p>\n<p>Es importante enfatizar que cualquier uso de este sitio web o de sus contenidos, c\u00f3digos, datos o materiales fuera de los permisos expl\u00edcitamente permitidas mencionadas anteriormente puede dar lugar a infracciones de las leyes de derechos de autor de los Estados Unidos, otros pa\u00edses y las leyes estatales pertinentes. Participar en dicho uso no autorizado puede conllevar consecuencias legales. Ruffier Publishing and Broadcasting LLC se compromete a proteger en\u00e9rgicamente sus derechos de propiedad intelectual y puede emprender acciones legales, incluidos procesos penales, en la medida m\u00e1xima permitida por la ley.<\/p>\n<p><strong>Indemnizaci\u00f3n:<\/strong><br \/>\nUsted acepta defender, indemnizar y eximir de responsabilidad a Ruffier Publishing and Broadcasting LLC y a sus directores, funcionarios, empleados y agentes de cualquier reclamo, responsabilidad, costos y gastos, incluyendo honorarios razonables de abogados, que surjan de cualquier manera debido a su uso del Sitio, la colocaci\u00f3n o transmisi\u00f3n de cualquier mensaje, contenido, informaci\u00f3n, software u otros materiales a trav\u00e9s del Sitio, o por incumplimiento o violaci\u00f3n de la ley o de estos Condiciones de Uso. Ruffier Publishing and Broadcasting LLC se reserva el derecho de asumir la defensa exclusiva y el control de cualquier asunto que de otro modo estar\u00eda sujeto a indemnizaci\u00f3n por su parte, a su propio costo. En tal caso, usted acepta cooperar con la defensa de dicha reclamaci\u00f3n por parte de Ruffier Publishing and Broadcasting LLC.<\/p>\n","protected":false},"excerpt":{"rendered":"<p>Derechos de propiedad: Ruffier Publishing and Broadcasting LLC mantiene la propiedad exclusiva de todos los derechos, t\u00edtulos e intereses asociados con este sitio web. Esta propiedad integral abarca todas las formas de contenido, incluyendo, pero no limit\u00e1ndose a, audio, fotograf\u00edas, ilustraciones, gr\u00e1ficos, video, copias escritas, software y cualquier otro material relacionado. Este reclamo de propiedad [&hellip;]<\/p>\n","protected":false},"author":1,"featured_media":0,"parent":0,"menu_order":0,"comment_status":"closed","ping_status":"closed","template":"templates\/cms-page.php","meta":{"footnotes":""},"folder":[],"class_list":["post-874","page","type-page","status-publish","hentry"],"acf":[],"_links":{"self":[{"href":"https:\/\/internationaldelinquent.com\/beta\/es\/wp-json\/wp\/v2\/pages\/874","targetHints":{"allow":["GET"]}}],"collection":[{"href":"https:\/\/internationaldelinquent.com\/beta\/es\/wp-json\/wp\/v2\/pages"}],"about":[{"href":"https:\/\/internationaldelinquent.com\/beta\/es\/wp-json\/wp\/v2\/types\/page"}],"author":[{"embeddable":true,"href":"https:\/\/internationaldelinquent.com\/beta\/es\/wp-json\/wp\/v2\/users\/1"}],"replies":[{"embeddable":true,"href":"https:\/\/internationaldelinquent.com\/beta\/es\/wp-json\/wp\/v2\/comments?post=874"}],"version-history":[{"count":4,"href":"https:\/\/internationaldelinquent.com\/beta\/es\/wp-json\/wp\/v2\/pages\/874\/revisions"}],"predecessor-version":[{"id":2979,"href":"https:\/\/internationaldelinquent.com\/beta\/es\/wp-json\/wp\/v2\/pages\/874\/revisions\/2979"}],"wp:attachment":[{"href":"https:\/\/internationaldelinquent.com\/beta\/es\/wp-json\/wp\/v2\/media?parent=874"}],"wp:term":[{"taxonomy":"folder","embeddable":true,"href":"https:\/\/internationaldelinquent.com\/beta\/es\/wp-json\/wp\/v2\/folder?post=874"}],"curies":[{"name":"wp","href":"https:\/\/api.w.org\/{rel}","templated":true}]}}