{"id":867,"date":"2022-03-25T08:35:29","date_gmt":"2022-03-25T08:35:29","guid":{"rendered":"https:\/\/internationaldelinquent.com\/beta\/beta\/politique-de-confidentialite\/"},"modified":"2023-10-01T21:17:19","modified_gmt":"2023-10-01T21:17:19","slug":"privacy-policy","status":"publish","type":"page","link":"https:\/\/internationaldelinquent.com\/beta\/fr\/privacy-policy\/","title":{"rendered":"Politique de confidentialit\u00e9"},"content":{"rendered":"<p><strong>Section 1 : Que faisons-nous avec vos informations?<\/strong><br \/>\nRuffier Publishing and Broadcasting LLC a l&#8217;intention de conserver les informations personnelles de l&#8217;utilisateur le temps n\u00e9cessaire. Nous conserverons et avons l&#8217;intention d&#8217;utiliser vos donn\u00e9es personnelles pour respecter une obligation l\u00e9gale et pour r\u00e9solution de conflits.<br \/>\nRuffier Publishing and Broadcasting LLC utilise des fichiers journaux conform\u00e9ment aux normes de l&#8217;industrie. Lorsque les gens parcourent des sites Web, ces fichiers enregistrent leurs activit\u00e9s. C&#8217;est quelque chose que toutes les entreprises d&#8217;h\u00e9bergement r\u00e9alisent dans le cadre de leurs analyses. Les adresses de protocole Internet (IP), le type de navigateur, le fournisseur de services Internet (ISP), la date et l&#8217;heure, les pages de r\u00e9f\u00e9rence\/sortie, et peut-\u00eatre le nombre de clics sont parmi les donn\u00e9es collect\u00e9es par les fichiers journaux. Ces donn\u00e9es ne sont pas li\u00e9es \u00e0 des informations d&#8217;identification personnelle. Les informations sont utilis\u00e9es pour analyser les tendances, faire fonctionner le site, suivre les mouvements des utilisateurs sur le site Web et recueillir des statistiques d\u00e9mographiques.<br \/>\nNous recueillons des informations personnelles telles que votre nom, votre adresse et votre adresse \u00e9lectronique lorsque vous achetez quelque chose dans notre boutique dans le cadre du processus d&#8217;achat et de vente.<br \/>\nNous conservons les informations personnelles fournies par les utilisateurs qui s&#8217;inscrivent sur notre site Web (le cas \u00e9ch\u00e9ant) dans leur profil d&#8217;utilisateur. Tous les utilisateurs ont la possibilit\u00e9 de consulter, de modifier ou de supprimer leurs informations personnelles \u00e0 tout moment (sauf qu&#8217;ils ne peuvent pas changer leur nom d&#8217;utilisateur). Les administrateurs du site Web peuvent \u00e9galement consulter et mettre \u00e0 jour ces informations.<\/p>\n<p><strong>Section 2 : Consentement<\/strong><br \/>\nEn acceptant notre politique de confidentialit\u00e9, vous acceptez ses termes.<br \/>\nLorsque vous nous envoyez vos informations personnelles pour effectuer une transaction, valider votre carte de cr\u00e9dit, passer une commande, organiser la livraison ou retourner un article, nous d\u00e9duisons que vous consentez \u00e0 ce que nous recueillions et utilisions vos informations uniquement \u00e0 cette fin sp\u00e9cifique.<br \/>\nLorsque nous demandons vos donn\u00e9es personnelles pour toute autre raison secondaire, telle que le marketing, nous vous demanderons votre consentement explicite ou vous donnerons la possibilit\u00e9 de refuser.<br \/>\nSi vous souhaitez retirer votre consentement, vous pouvez nous contacter \u00e0 tout moment pour supprimer vos informations personnelles. Nous donnerons suite \u00e0 votre demande apr\u00e8s avoir enqu\u00eat\u00e9 pour assurer qu\u2019il n&#8217;y a aucune violation de la loi.<\/p>\n<p><strong>Section 3 : Divulgation<\/strong><br \/>\nSi la loi nous y oblige ou si vous enfreignez nos conditions de service, nous pouvons divulguer vos informations personnelles.<\/p>\n<p><strong>Section 4 : Paiement<\/strong><br \/>\nNous ne conservons pas les donn\u00e9es de votre carte de cr\u00e9dit dans nos syst\u00e8mes. Lors du traitement des paiements, les donn\u00e9es sont crypt\u00e9es conform\u00e9ment \u00e0 la norme de s\u00e9curit\u00e9 des donn\u00e9es de l&#8217;industrie des cartes de paiement (PCI-DSS). Les donn\u00e9es de votre transaction d&#8217;achat sont utilis\u00e9es uniquement pour finaliser votre transaction d&#8217;achat. Les donn\u00e9es de votre transaction d&#8217;achat ne sont pas conserv\u00e9es une fois qu&#8217;elle est termin\u00e9e.<\/p>\n<p><strong>Section 5 : Services de tiers<\/strong><br \/>\nEn g\u00e9n\u00e9ral, les fournisseurs externes que nous engageons ne collecteront, n&#8217;utiliseront et ne divulgueront vos informations que dans la mesure n\u00e9cessaire \u00e0 l\u2019ex\u00e9cution des services qu&#8217;ils nous offrent.<br \/>\nCertains fournisseurs de services tiers, tels que les passerelles de paiement et l&#8217;analyse de sites Web, ont leurs propres r\u00e8gles de confidentialit\u00e9 concernant les informations que nous sommes tenus de leur envoyer pour les transactions li\u00e9es aux achats.<br \/>\nN&#8217;oubliez pas, en particulier, que certains fournisseurs peuvent \u00eatre situ\u00e9s ou avoir des installations dans une juridiction diff\u00e9rente de la v\u00f4tre ou de la n\u00f4tre. Par cons\u00e9quent, si vous d\u00e9cidez d&#8217;effectuer une transaction en utilisant les services d&#8217;un fournisseur de services tiers, vos informations peuvent \u00eatre soumises aux lois de la ou des juridictions o\u00f9 se trouve ce fournisseur de services ou ses installations.<br \/>\nEn cliquant sur les liens de notre magasin, vous pouvez quitter notre site Web. Nous ne sommes pas responsables des pratiques de confidentialit\u00e9 d&#8217;autres sites Web et nous vous recommandons de lire leurs politiques de confidentialit\u00e9.<\/p>\n","protected":false},"excerpt":{"rendered":"<p>Section 1 : Que faisons-nous avec vos informations? Ruffier Publishing and Broadcasting LLC a l&#8217;intention de conserver les informations personnelles de l&#8217;utilisateur le temps n\u00e9cessaire. Nous conserverons et avons l&#8217;intention d&#8217;utiliser vos donn\u00e9es personnelles pour respecter une obligation l\u00e9gale et pour r\u00e9solution de conflits. Ruffier Publishing and Broadcasting LLC utilise des fichiers journaux conform\u00e9ment aux [&hellip;]<\/p>\n","protected":false},"author":1,"featured_media":0,"parent":0,"menu_order":0,"comment_status":"closed","ping_status":"open","template":"templates\/cms-page.php","meta":{"footnotes":""},"folder":[],"class_list":["post-867","page","type-page","status-publish","hentry"],"acf":[],"_links":{"self":[{"href":"https:\/\/internationaldelinquent.com\/beta\/fr\/wp-json\/wp\/v2\/pages\/867","targetHints":{"allow":["GET"]}}],"collection":[{"href":"https:\/\/internationaldelinquent.com\/beta\/fr\/wp-json\/wp\/v2\/pages"}],"about":[{"href":"https:\/\/internationaldelinquent.com\/beta\/fr\/wp-json\/wp\/v2\/types\/page"}],"author":[{"embeddable":true,"href":"https:\/\/internationaldelinquent.com\/beta\/fr\/wp-json\/wp\/v2\/users\/1"}],"replies":[{"embeddable":true,"href":"https:\/\/internationaldelinquent.com\/beta\/fr\/wp-json\/wp\/v2\/comments?post=867"}],"version-history":[{"count":3,"href":"https:\/\/internationaldelinquent.com\/beta\/fr\/wp-json\/wp\/v2\/pages\/867\/revisions"}],"predecessor-version":[{"id":2993,"href":"https:\/\/internationaldelinquent.com\/beta\/fr\/wp-json\/wp\/v2\/pages\/867\/revisions\/2993"}],"wp:attachment":[{"href":"https:\/\/internationaldelinquent.com\/beta\/fr\/wp-json\/wp\/v2\/media?parent=867"}],"wp:term":[{"taxonomy":"folder","embeddable":true,"href":"https:\/\/internationaldelinquent.com\/beta\/fr\/wp-json\/wp\/v2\/folder?post=867"}],"curies":[{"name":"wp","href":"https:\/\/api.w.org\/{rel}","templated":true}]}}