{"id":871,"date":"2022-04-02T11:37:41","date_gmt":"2022-04-02T11:37:41","guid":{"rendered":"https:\/\/internationaldelinquent.com\/beta\/beta\/conditions-dutilisation\/"},"modified":"2023-10-01T21:03:58","modified_gmt":"2023-10-01T21:03:58","slug":"conditions-dutilisation","status":"publish","type":"page","link":"https:\/\/internationaldelinquent.com\/beta\/fr\/conditions-dutilisation\/","title":{"rendered":"Conditions d&#8217;utilisation"},"content":{"rendered":"<p><strong>Droits de propri\u00e9t\u00e9 :<\/strong><br \/>\nRuffier Publishing and Broadcasting LLC conserve la propri\u00e9t\u00e9 exclusive de tous les droits, titres et int\u00e9r\u00eats associ\u00e9s \u00e0 ce site web. Cette propri\u00e9t\u00e9 int\u00e9grale englobe toutes les formes de contenu, y compris, mais sans s&#8217;y limiter, l&#8217;audio, les photographies, les illustrations, les graphiques, la vid\u00e9o, les copies \u00e9crites, les logiciels et tout autre mat\u00e9riel connexe. Cette revendication de propri\u00e9t\u00e9 s&#8217;\u00e9tend au code du site web, aux donn\u00e9es et \u00e0 la conception g\u00e9n\u00e9rale, incluant l&#8217;apparence distinctive, la sensation et la structure organisationnelle du site, ainsi que la compilation de tout le contenu, code, donn\u00e9es et mat\u00e9riaux trouv\u00e9s sur le site. Il est essentiel de noter que l&#8217;utilisation de ce site web n&#8217;accorde aucun droit de propri\u00e9t\u00e9 ni aucune revendication sur aucun des contenus, codes, donn\u00e9es ou mat\u00e9riaux du site aux utilisateurs.<\/p>\n<p><strong>Autorisation d&#8217;utilisation et d&#8217;acc\u00e8s:<\/strong><br \/>\nVous avez le privil\u00e8ge d&#8217;acc\u00e9der et de visualiser le contenu de ce site web sur votre ordinateur ou d&#8217;autres appareils connect\u00e9s \u00e0 Internet. De plus, vous \u00eates autoris\u00e9 \u00e0 cr\u00e9er des copies individuelles ou des impressions du contenu du site web, mais exclusivement pour votre usage personnel. Il est crucial de comprendre que le site web et tout contenu et mat\u00e9riel associ\u00e9 disponibles sur le site sont destin\u00e9s exclusivement \u00e0 votre usage personnel et non commercial.<\/p>\n<p><strong>Utilisation interdite :<\/strong><\/p>\n<p>Toute forme de distribution commerciale, de publication ou d&#8217;exploitation de ce site web ou de l&#8217;un de ses contenus, codes, donn\u00e9es ou mat\u00e9riaux est strictement interdite, sauf si vous avez obtenu au pr\u00e9alable le consentement \u00e9crit et explicite de Ruffier Publishing and Broadcasting LLC ou du titulaire des droits correspondants. Sans une telle autorisation, il vous est express\u00e9ment interdit de t\u00e9l\u00e9charger, d&#8217;afficher, de copier, de reproduire, de distribuer, d&#8217; \u00e9diter, de repr\u00e9senter, de transmettre, de cr\u00e9er des \u0153uvres d\u00e9riv\u00e9es, de vendre ou de participer \u00e0 toute autre forme d&#8217;exploitation li\u00e9e aux contenus, codes, donn\u00e9es ou mat\u00e9riaux de ce site.<\/p>\n<p>Il est important de souligner que toute utilisation de ce site web ou de ses contenus, codes, donn\u00e9es ou mat\u00e9riaux en dehors des autorisations explicitement autoris\u00e9es mentionn\u00e9es ci-dessus peut entra\u00eener des violations des lois sur le droit d&#8217;auteur aux \u00c9tats-Unis, dans d&#8217;autres pays et des lois \u00e9tatiques pertinentes en la mati\u00e8re. S&#8217;engager dans une telle utilisation non autoris\u00e9e peut entra\u00eener des cons\u00e9quences l\u00e9gales. Ruffier Publishing and Broadcasting LLC s&#8217;engage \u00e0 prot\u00e9ger vigoureusement ses droits de propri\u00e9t\u00e9 intellectuelle et peut engager des actions en justice, y compris des poursuites p\u00e9nales, dans la mesure maximum permise par la loi.<\/p>\n<p><strong>Indemnisation :<\/strong><br \/>\nVous acceptez de d\u00e9fendre, d&#8217;indemniser et de d\u00e9gager de toute responsabilit\u00e9 Ruffier Publishing and Broadcasting LLC et ses directeurs, officiers, employ\u00e9s et agents de toute r\u00e9clamation, responsabilit\u00e9, co\u00fbts et d\u00e9penses, y compris les honoraires raisonnables d&#8217;avocats, d\u00e9coulant de quelque mani\u00e8re que ce soit de votre utilisation du site, de la mise en place ou de la transmission de tout message, contenu, information, logiciel ou autre mat\u00e9riel via le site, ou de la violation ou de l&#8217;infraction \u00e0 la loi ou \u00e0 ces Conditions d&#8217;utilisation. Ruffier Publishing and Broadcasting LLC se r\u00e9serve le droit de prendre la d\u00e9fense exclusive et le contr\u00f4le de toute affaire qui serait autrement sujette \u00e0 indemnisation de votre part, \u00e0 ses propres frais. Dans un tel cas, vous acceptez de coop\u00e9rer avec la d\u00e9fense de ladite r\u00e9clamation par Ruffier Publishing and Broadcasting LLC.<\/p>\n","protected":false},"excerpt":{"rendered":"<p>Droits de propri\u00e9t\u00e9 : Ruffier Publishing and Broadcasting LLC conserve la propri\u00e9t\u00e9 exclusive de tous les droits, titres et int\u00e9r\u00eats associ\u00e9s \u00e0 ce site web. Cette propri\u00e9t\u00e9 int\u00e9grale englobe toutes les formes de contenu, y compris, mais sans s&#8217;y limiter, l&#8217;audio, les photographies, les illustrations, les graphiques, la vid\u00e9o, les copies \u00e9crites, les logiciels et [&hellip;]<\/p>\n","protected":false},"author":1,"featured_media":0,"parent":0,"menu_order":0,"comment_status":"closed","ping_status":"closed","template":"templates\/cms-page.php","meta":{"footnotes":""},"folder":[],"class_list":["post-871","page","type-page","status-publish","hentry"],"acf":[],"_links":{"self":[{"href":"https:\/\/internationaldelinquent.com\/beta\/fr\/wp-json\/wp\/v2\/pages\/871","targetHints":{"allow":["GET"]}}],"collection":[{"href":"https:\/\/internationaldelinquent.com\/beta\/fr\/wp-json\/wp\/v2\/pages"}],"about":[{"href":"https:\/\/internationaldelinquent.com\/beta\/fr\/wp-json\/wp\/v2\/types\/page"}],"author":[{"embeddable":true,"href":"https:\/\/internationaldelinquent.com\/beta\/fr\/wp-json\/wp\/v2\/users\/1"}],"replies":[{"embeddable":true,"href":"https:\/\/internationaldelinquent.com\/beta\/fr\/wp-json\/wp\/v2\/comments?post=871"}],"version-history":[{"count":3,"href":"https:\/\/internationaldelinquent.com\/beta\/fr\/wp-json\/wp\/v2\/pages\/871\/revisions"}],"predecessor-version":[{"id":2985,"href":"https:\/\/internationaldelinquent.com\/beta\/fr\/wp-json\/wp\/v2\/pages\/871\/revisions\/2985"}],"wp:attachment":[{"href":"https:\/\/internationaldelinquent.com\/beta\/fr\/wp-json\/wp\/v2\/media?parent=871"}],"wp:term":[{"taxonomy":"folder","embeddable":true,"href":"https:\/\/internationaldelinquent.com\/beta\/fr\/wp-json\/wp\/v2\/folder?post=871"}],"curies":[{"name":"wp","href":"https:\/\/api.w.org\/{rel}","templated":true}]}}