{"id":868,"date":"2022-03-25T08:35:29","date_gmt":"2022-03-25T08:35:29","guid":{"rendered":"https:\/\/internationaldelinquent.com\/beta\/beta\/politica-de-privacidade\/"},"modified":"2023-10-21T19:57:52","modified_gmt":"2023-10-21T19:57:52","slug":"privacy-policy","status":"publish","type":"page","link":"https:\/\/internationaldelinquent.com\/beta\/pt-br\/privacy-policy\/","title":{"rendered":"Pol\u00edtica de Privacidade"},"content":{"rendered":"<p><strong>Se\u00e7\u00e3o 1: O que fazemos com seus dados?<\/strong><br \/>\nA Ruffier Publishing and Broadcasting LLC tem a inten\u00e7\u00e3o de manter as informa\u00e7\u00f5es pessoais do usu\u00e1rio pelo tempo necess\u00e1rio. Vamos manter e pretendemos usar os seus dados pessoais para cumprir com uma obriga\u00e7\u00e3o legal e para a resolu\u00e7\u00e3o de conflitos.<br \/>\nA Ruffier Publishing and Broadcasting LLC utiliza arquivos de registro de acordo com as normas da ind\u00fastria. Quando as pessoas navegam em sites, esses arquivos registram suas atividades. Isso \u00e9 algo que todas as empresas de hospedagem fazem como parte de suas an\u00e1lises. Endere\u00e7os de protocolo de internet (IP), tipo de navegador, provedor de servi\u00e7os de internet (ISP), carimbo de data e hora, p\u00e1ginas de refer\u00eancia\/sa\u00edda e talvez o n\u00famero de cliques est\u00e3o entre os dados coletados pelos arquivos de registro. Esses dados n\u00e3o est\u00e3o vinculados a qualquer informa\u00e7\u00e3o de identifica\u00e7\u00e3o pessoal. As informa\u00e7\u00f5es s\u00e3o usadas para analisar tend\u00eancias, operar o site, rastrear os movimentos dos usu\u00e1rios no site e coletar estat\u00edsticas demogr\u00e1ficas.<br \/>\nColetamos informa\u00e7\u00f5es pessoais, como nome, endere\u00e7o e endere\u00e7o de e-mail, quando voc\u00ea compra algo em nossa loja como parte do processo de compra e venda.<br \/>\nGuardamos as informa\u00e7\u00f5es pessoais fornecidas pelos usu\u00e1rios que se registram em nosso site (se houver) em seus perfis de usu\u00e1rio. Todos os usu\u00e1rios t\u00eam a possibilidade de visualizar, modificar ou excluir suas informa\u00e7\u00f5es pessoais a qualquer momento (exceto o nome de usu\u00e1rio, que n\u00e3o pode ser alterado). Os administradores do site tamb\u00e9m podem visualizar e atualizar essas informa\u00e7\u00f5es.<\/p>\n<p><strong>Se\u00e7\u00e3o 2: Consentimento<\/strong><br \/>\nAo aceitar nossa pol\u00edtica de privacidade, voc\u00ea concorda com seus termos.<br \/>\nQuando voc\u00ea nos envia seus dados pessoais para concluir uma transa\u00e7\u00e3o, validar seu cart\u00e3o de cr\u00e9dito, fazer um pedido, organizar a entrega ou devolver um item, presumimos que voc\u00ea consente que podemos coletar e usar suas informa\u00e7\u00f5es apenas para esse fim espec\u00edfico.<br \/>\nQuando solicitamos seus dados pessoais por qualquer motivo secund\u00e1rio, como marketing, pediremos sua aprova\u00e7\u00e3o expressa ou ofereceremos a op\u00e7\u00e3o de recusar.<br \/>\nSe desejar retirar seu consentimento, pode entrar em contato conosco a qualquer momento para excluir suas informa\u00e7\u00f5es pessoais. Atenderemos ao seu pedido ap\u00f3s investiga\u00e7\u00e3o, desde que n\u00e3o haja viola\u00e7\u00e3o da lei.<\/p>\n<p><strong>Se\u00e7\u00e3o 3: Divulga\u00e7\u00e3o<\/strong><br \/>\nSe a lei nos obrigar ou se voc\u00ea violar nossos termos de servi\u00e7o, podemos divulgar suas informa\u00e7\u00f5es pessoais.<\/p>\n<p><strong>Se\u00e7\u00e3o 4: Pagamento<\/strong><br \/>\nN\u00e3o armazenamos os dados do seu cart\u00e3o de cr\u00e9dito em nossos sistemas. Ao processar os pagamentos, os dados s\u00e3o criptografados usando o Padr\u00e3o de Seguran\u00e7a de Dados da Ind\u00fastria de Cart\u00f5es de Pagamento (PCI-DSS). Os dados da sua transa\u00e7\u00e3o de compra s\u00e3o usados exclusivamente para concluir sua transa\u00e7\u00e3o de compra. Os dados da sua transa\u00e7\u00e3o de compra n\u00e3o s\u00e3o retidos ap\u00f3s a conclus\u00e3o.<\/p>\n<p><strong>Se\u00e7\u00e3o 5: Servi\u00e7os de Terceiros<\/strong><br \/>\nEm geral, os fornecedores externos que contratamos apenas coletam, usam e divulgam suas informa\u00e7\u00f5es conforme necess\u00e1rio para executar os servi\u00e7os que nos oferecem.<br \/>\nAlguns fornecedores de servi\u00e7os de terceiros, como gateway de pagamento e an\u00e1lise de sites, t\u00eam suas pr\u00f3prias pol\u00edticas de privacidade em rela\u00e7\u00e3o \u00e0s informa\u00e7\u00f5es que somos obrigados a enviar a eles para transa\u00e7\u00f5es relacionadas a compras.<br \/>\nLembre-se, em particular, que alguns fornecedores podem estar localizados ou ter instala\u00e7\u00f5es em uma jurisdi\u00e7\u00e3o diferente da sua ou da nossa. Portanto, se voc\u00ea optar por fazer uma transa\u00e7\u00e3o usando os servi\u00e7os de um fornecedor de servi\u00e7os de terceiros, suas informa\u00e7\u00f5es podem estar sujeitas \u00e0s leis da(s) jurisdi\u00e7\u00e3o(\u00f5es) em que esse fornecedor de servi\u00e7os ou suas instala\u00e7\u00f5es est\u00e3o localizados.<br \/>\nAo clicar nos links em nossa loja, voc\u00ea pode sair do nosso site. N\u00e3o somos respons\u00e1veis pelas pr\u00e1ticas de privacidade de outros sites e recomendamos que voc\u00ea leia suas pol\u00edticas de privacidade.<\/p>\n","protected":false},"excerpt":{"rendered":"<p>Se\u00e7\u00e3o 1: O que fazemos com seus dados? A Ruffier Publishing and Broadcasting LLC tem a inten\u00e7\u00e3o de manter as informa\u00e7\u00f5es pessoais do usu\u00e1rio pelo tempo necess\u00e1rio. Vamos manter e pretendemos usar os seus dados pessoais para cumprir com uma obriga\u00e7\u00e3o legal e para a resolu\u00e7\u00e3o de conflitos. A Ruffier Publishing and Broadcasting LLC utiliza [&hellip;]<\/p>\n","protected":false},"author":1,"featured_media":0,"parent":0,"menu_order":0,"comment_status":"closed","ping_status":"open","template":"templates\/cms-page.php","meta":{"footnotes":""},"folder":[],"class_list":["post-868","page","type-page","status-publish","hentry"],"acf":[],"_links":{"self":[{"href":"https:\/\/internationaldelinquent.com\/beta\/pt-br\/wp-json\/wp\/v2\/pages\/868","targetHints":{"allow":["GET"]}}],"collection":[{"href":"https:\/\/internationaldelinquent.com\/beta\/pt-br\/wp-json\/wp\/v2\/pages"}],"about":[{"href":"https:\/\/internationaldelinquent.com\/beta\/pt-br\/wp-json\/wp\/v2\/types\/page"}],"author":[{"embeddable":true,"href":"https:\/\/internationaldelinquent.com\/beta\/pt-br\/wp-json\/wp\/v2\/users\/1"}],"replies":[{"embeddable":true,"href":"https:\/\/internationaldelinquent.com\/beta\/pt-br\/wp-json\/wp\/v2\/comments?post=868"}],"version-history":[{"count":4,"href":"https:\/\/internationaldelinquent.com\/beta\/pt-br\/wp-json\/wp\/v2\/pages\/868\/revisions"}],"predecessor-version":[{"id":3088,"href":"https:\/\/internationaldelinquent.com\/beta\/pt-br\/wp-json\/wp\/v2\/pages\/868\/revisions\/3088"}],"wp:attachment":[{"href":"https:\/\/internationaldelinquent.com\/beta\/pt-br\/wp-json\/wp\/v2\/media?parent=868"}],"wp:term":[{"taxonomy":"folder","embeddable":true,"href":"https:\/\/internationaldelinquent.com\/beta\/pt-br\/wp-json\/wp\/v2\/folder?post=868"}],"curies":[{"name":"wp","href":"https:\/\/api.w.org\/{rel}","templated":true}]}}