{"id":872,"date":"2022-04-02T11:37:41","date_gmt":"2022-04-02T11:37:41","guid":{"rendered":"https:\/\/internationaldelinquent.com\/beta\/beta\/termos-de-utilizacao\/"},"modified":"2023-10-21T19:58:57","modified_gmt":"2023-10-21T19:58:57","slug":"termos-de-utilizacao","status":"publish","type":"page","link":"https:\/\/internationaldelinquent.com\/beta\/pt-br\/termos-de-utilizacao\/","title":{"rendered":"Termos de utiliza\u00e7\u00e3o"},"content":{"rendered":"<p><strong>Direitos de propriedade:<\/strong><br \/>\nA Ruffier Publishing and Broadcasting LLC mant\u00e9m a propriedade exclusiva de todos os direitos, t\u00edtulos e interesses associados a este site. Essa propriedade abrangente inclui todas as formas de conte\u00fado, incluindo, mas n\u00e3o se limitando a, \u00e1udio, fotografias, ilustra\u00e7\u00f5es, gr\u00e1ficos, v\u00eddeo, c\u00f3pias escritas, software e qualquer outro material relacionado. Esta reivindica\u00e7\u00e3o de propriedade se estende ao c\u00f3digo do site, aos dados e ao design geral, abrangendo a apar\u00eancia distinta, a sensa\u00e7\u00e3o e a estrutura organizacional do site, bem como a compila\u00e7\u00e3o de todo o conte\u00fado, c\u00f3digo, dados e materiais encontrados no site. \u00c9 fundamental destacar que o uso deste site n\u00e3o concede aos usu\u00e1rios nenhum direito de propriedade ou reivindica\u00e7\u00e3o sobre qualquer um dos conte\u00fados, c\u00f3digos, dados ou materiais do site.<\/p>\n<p><strong>Permiss\u00e3o de Uso e Acesso:<\/strong><br \/>\n\u00c9 concedido o privil\u00e9gio de acessar e visualizar o conte\u00fado deste site em seu computador ou outros dispositivos conectados \u00e0 internet. Al\u00e9m disso, \u00e9 permitido criar c\u00f3pias individuais ou impress\u00f5es do conte\u00fado do site, mas exclusivamente para uso interno. \u00c9 crucial entender que o site e qualquer conte\u00fado e materiais associados dispon\u00edveis no site destinam-se exclusivamente ao uso pessoal e n\u00e3o comercial.<\/p>\n<p><strong>Uso Proibido:<\/strong><\/p>\n<p>Qualquer forma de distribui\u00e7\u00e3o comercial, publica\u00e7\u00e3o ou explora\u00e7\u00e3o deste site ou de qualquer um de seus conte\u00fados, c\u00f3digos, dados ou materiais \u00e9 estritamente proibida, a menos que voc\u00ea tenha obtido previamente o consentimento expresso e por escrito da Ruffier Publishing and Broadcasting LLC ou do titular dos direitos correspondentes. Sem tal autoriza\u00e7\u00e3o, \u00e9 expressamente proibido baixar, exibir, copiar, reproduzir, distribuir, editar, representar, transmitir, criar obras derivadas, vender ou participar de qualquer outra forma de explora\u00e7\u00e3o relacionada com os conte\u00fados, c\u00f3digos, dados ou materiais deste site.<\/p>\n<p>\u00c9 importante enfatizar que qualquer uso deste site ou de seus conte\u00fados, c\u00f3digos, dados ou materiais fora das permiss\u00f5es explicitamente permitidas mencionadas anteriormente pode resultar em viola\u00e7\u00f5es das leis de direitos autorais dos Estados Unidos, de outros pa\u00edses e das leis estatais pertinentes. Participar de tal uso n\u00e3o autorizado pode acarretar consequ\u00eancias legais. A Ruffier Publishing and Broadcasting LLC est\u00e1 comprometida em proteger vigorosamente seus direitos de propriedade intelectual e pode empreender a\u00e7\u00f5es legais, incluindo processos criminais, na medida m\u00e1xima permitida pela lei.<\/p>\n<p><strong>Indeniza\u00e7\u00e3o:<\/strong><br \/>\nVoc\u00ea concorda em defender, indenizar e isentar a Ruffier Publishing and Broadcasting LLC e seus diretores, funcion\u00e1rios e agentes de qualquer reivindica\u00e7\u00e3o, responsabilidade, custos e despesas, incluindo honor\u00e1rios razo\u00e1veis de advogados, decorrentes de qualquer forma do seu uso do site, coloca\u00e7\u00e3o ou transmiss\u00e3o de qualquer mensagem, conte\u00fado, informa\u00e7\u00e3o, software ou outros materiais atrav\u00e9s do Site, ou por viola\u00e7\u00e3o ou infra\u00e7\u00e3o da lei ou destes Termos de Uso. A Ruffier Publishing and Broadcasting LLC reserva o direito de assumir a defesa exclusiva e o controle de qualquer assunto que de outra forma estaria sujeito a indeniza\u00e7\u00e3o por sua parte, \u00e0s suas pr\u00f3prias custas. Nesse caso, voc\u00ea concorda em cooperar com a defesa de tal reivindica\u00e7\u00e3o pela Ruffier Publishing and Broadcasting LLC.<\/p>\n","protected":false},"excerpt":{"rendered":"<p>Direitos de propriedade: A Ruffier Publishing and Broadcasting LLC mant\u00e9m a propriedade exclusiva de todos os direitos, t\u00edtulos e interesses associados a este site. Essa propriedade abrangente inclui todas as formas de conte\u00fado, incluindo, mas n\u00e3o se limitando a, \u00e1udio, fotografias, ilustra\u00e7\u00f5es, gr\u00e1ficos, v\u00eddeo, c\u00f3pias escritas, software e qualquer outro material relacionado. Esta reivindica\u00e7\u00e3o de [&hellip;]<\/p>\n","protected":false},"author":1,"featured_media":0,"parent":0,"menu_order":0,"comment_status":"closed","ping_status":"closed","template":"templates\/cms-page.php","meta":{"footnotes":""},"folder":[],"class_list":["post-872","page","type-page","status-publish","hentry"],"acf":[],"_links":{"self":[{"href":"https:\/\/internationaldelinquent.com\/beta\/pt-br\/wp-json\/wp\/v2\/pages\/872","targetHints":{"allow":["GET"]}}],"collection":[{"href":"https:\/\/internationaldelinquent.com\/beta\/pt-br\/wp-json\/wp\/v2\/pages"}],"about":[{"href":"https:\/\/internationaldelinquent.com\/beta\/pt-br\/wp-json\/wp\/v2\/types\/page"}],"author":[{"embeddable":true,"href":"https:\/\/internationaldelinquent.com\/beta\/pt-br\/wp-json\/wp\/v2\/users\/1"}],"replies":[{"embeddable":true,"href":"https:\/\/internationaldelinquent.com\/beta\/pt-br\/wp-json\/wp\/v2\/comments?post=872"}],"version-history":[{"count":4,"href":"https:\/\/internationaldelinquent.com\/beta\/pt-br\/wp-json\/wp\/v2\/pages\/872\/revisions"}],"predecessor-version":[{"id":3089,"href":"https:\/\/internationaldelinquent.com\/beta\/pt-br\/wp-json\/wp\/v2\/pages\/872\/revisions\/3089"}],"wp:attachment":[{"href":"https:\/\/internationaldelinquent.com\/beta\/pt-br\/wp-json\/wp\/v2\/media?parent=872"}],"wp:term":[{"taxonomy":"folder","embeddable":true,"href":"https:\/\/internationaldelinquent.com\/beta\/pt-br\/wp-json\/wp\/v2\/folder?post=872"}],"curies":[{"name":"wp","href":"https:\/\/api.w.org\/{rel}","templated":true}]}}